{"id":357,"date":"2025-11-23T21:11:46","date_gmt":"2025-11-23T20:11:46","guid":{"rendered":"https:\/\/www.ciampacavallo.it\/nuovosito\/?page_id=357"},"modified":"2025-11-23T21:27:25","modified_gmt":"2025-11-23T20:27:25","slug":"serigrafia-divergente","status":"publish","type":"page","link":"https:\/\/www.ciampacavallo.it\/nuovosito\/serigrafia-divergente\/","title":{"rendered":"Serigrafia Divergente"},"content":{"rendered":"\n<section style=\"padding:40px 20px; background:#f9f9f9; border-radius:12px; max-width:900px; margin:0 auto; font-family:Arial, sans-serif;\">\n  \n  <h2 style=\"font-size:2.2em; text-align:center; color:#d32f2f; margin-bottom:30px;\">\n    Serigrafia Divergente\n  <\/h2>\n\n \n <img decoding=\"async\" src=\"http:\/\/www.ciampacavallo.it\/nuovosito\/wp-content\/uploads\/2025\/11\/SERIGRAFIA.jpeg\"\n     class=\"lab-img-full\"\n     alt=\"Serigrafia a Ciampacavallo\"\n     style=\"width:100%; border-radius:12px; margin-bottom:30px; max-height:320px; object-fit:cover;\">\n<style>\n  @media (min-width: 900px) {\n    .lab-img-full {\n      max-height: 520px !important;\n      object-fit: contain !important; \n      background: transparent !important; \n    }\n  }\n<\/style>\n\n\n\n  <!-- ORARI -->\n  <div style=\"background:#ffffff; border:2px solid #d32f2f33; border-radius:12px; padding:18px 22px; margin:0 auto 32px; max-width:420px; text-align:center; box-shadow:0 2px 6px rgba(0,0,0,0.04);\">\n    <div style=\"font-size:40px; color:#d32f2f; margin-bottom:6px;\">\u23f0<\/div>\n    <h3 style=\"margin:0 0 6px; color:#d32f2f; font-size:1.3em;\">Orari del laboratorio<\/h3>\n    <p style=\"margin:0; font-size:1.12em; line-height:1.6;\">\n      <strong>Luned\u00ec, marted\u00ec e gioved\u00ec<\/strong><br>\n      <strong>10:00 \u2014 16:00<\/strong>\n    <\/p>\n  <\/div>\n\n  <!-- TESTO UFFICIALE -->\n\n  <p style=\"font-size:1.15em; line-height:1.7; margin-bottom:22px; text-align:justify;\">\n    La serigrafia \u00e8 un&#8217;antica tecnica di stampa. Attraverso un processo permeografico, questa tecnica\n    permette di riprodurre in modo seriale lo stesso disegno o grafica su una variet\u00e0 di materiali.\n  <\/p>\n\n  <p style=\"font-size:1.15em; line-height:1.7; margin-bottom:22px; text-align:justify;\">\n    T-shirt, polo, felpe, shopper in tela e carta, manifesti, divise sportive, teli mare, borse, cuoio e pelle, legno.\n  <\/p>\n\n  <p style=\"font-size:1.15em; line-height:1.7; margin-bottom:22px; text-align:justify;\">\n    A met\u00e0 strada tra l&#8217;espressione artistica ed il saper fare artigianale, questa attivit\u00e0 prevede anche\n    procedimenti creativi, di falegnameria e fotografici, oltre a quelli di stampa.\n  <\/p>\n\n  <p style=\"font-size:1.15em; line-height:1.7; margin-bottom:24px; text-align:justify;\">\n    Nostri i disegni, nostre le idee, nostre le grafiche, nostra la fatica del lavoro!\n  <\/p>\n\n  <!-- CITAZIONE IN ROSSO CON LE FRASI DEL LABORATORIO -->\n  <blockquote style=\"border-left:4px solid #d32f2f; padding-left:18px; margin:0 0 28px; font-size:1.15em; line-height:1.6; color:#d32f2f; font-weight:600; text-align:left;\">\n  Mannaggia ai sentimenti<br>\n  La gentilezza va premiata<br>\n  il cuore non si <s>sbagia<\/s> sbaglia<br>\n  S.P.Q.R. _ Siamo Pazzi Quanto Ribelli\n<\/blockquote>\n\n\n  <p style=\"font-size:1.15em; line-height:1.7; margin-bottom:0; text-align:justify;\">\n    Attraverso un saper fare tecnico e articolato, stampiamo il nostro modo di vedere il mondo, proponendolo\n    alle altre persone con semplicit\u00e0 e ironia.\n  <\/p>\n\n<\/section>\n\n\n\n<figure class=\"wp-block-gallery has-nested-images columns-default is-cropped wp-block-gallery-1 is-layout-flex wp-block-gallery-is-layout-flex\"><\/figure>\n","protected":false},"excerpt":{"rendered":"<p>Serigrafia Divergente \u23f0 Orari del laboratorio Luned\u00ec, marted\u00ec e gioved\u00ec 10:00 \u2014 16:00 La serigrafia \u00e8 un&#8217;antica tecnica di stampa. Attraverso un processo permeografico, questa tecnica permette di riprodurre in [&hellip;]<\/p>\n","protected":false},"author":1,"featured_media":0,"parent":0,"menu_order":0,"comment_status":"closed","ping_status":"closed","template":"","meta":{"footnotes":""},"class_list":["post-357","page","type-page","status-publish","hentry"],"_links":{"self":[{"href":"https:\/\/www.ciampacavallo.it\/nuovosito\/wp-json\/wp\/v2\/pages\/357","targetHints":{"allow":["GET"]}}],"collection":[{"href":"https:\/\/www.ciampacavallo.it\/nuovosito\/wp-json\/wp\/v2\/pages"}],"about":[{"href":"https:\/\/www.ciampacavallo.it\/nuovosito\/wp-json\/wp\/v2\/types\/page"}],"author":[{"embeddable":true,"href":"https:\/\/www.ciampacavallo.it\/nuovosito\/wp-json\/wp\/v2\/users\/1"}],"replies":[{"embeddable":true,"href":"https:\/\/www.ciampacavallo.it\/nuovosito\/wp-json\/wp\/v2\/comments?post=357"}],"version-history":[{"count":2,"href":"https:\/\/www.ciampacavallo.it\/nuovosito\/wp-json\/wp\/v2\/pages\/357\/revisions"}],"predecessor-version":[{"id":364,"href":"https:\/\/www.ciampacavallo.it\/nuovosito\/wp-json\/wp\/v2\/pages\/357\/revisions\/364"}],"wp:attachment":[{"href":"https:\/\/www.ciampacavallo.it\/nuovosito\/wp-json\/wp\/v2\/media?parent=357"}],"curies":[{"name":"wp","href":"https:\/\/api.w.org\/{rel}","templated":true}]}}