{"id":352,"date":"2025-11-23T21:03:27","date_gmt":"2025-11-23T20:03:27","guid":{"rendered":"https:\/\/www.ciampacavallo.it\/nuovosito\/?page_id=352"},"modified":"2025-11-23T21:13:01","modified_gmt":"2025-11-23T20:13:01","slug":"accudimento-e-manutenzione","status":"publish","type":"page","link":"https:\/\/www.ciampacavallo.it\/nuovosito\/accudimento-e-manutenzione\/","title":{"rendered":"Accudimento e Manutenzione"},"content":{"rendered":"\n<section style=\"padding:40px 20px; background:#f9f9f9; border-radius:12px; max-width:900px; margin:0 auto; font-family:Arial, sans-serif;\">\n  \n  <h2 style=\"font-size:2.2em; text-align:center; color:#d32f2f; margin-bottom:30px;\">\n    Accudimento e Manutenzione\n  <\/h2>\n\n<img decoding=\"async\" src=\"http:\/\/www.ciampacavallo.it\/nuovosito\/wp-content\/uploads\/2025\/09\/natural-Horse.jpg\"\n     class=\"lab-img-full\"\n     alt=\"Serigrafia a Ciampacavallo\"\n     style=\"width:100%; border-radius:12px; margin-bottom:30px; max-height:320px; object-fit:cover;\">\n\n<style>\n  @media (min-width: 900px) {\n    .lab-img-full {\n      max-height: 520px !important;\n      object-fit: contain !important; \n      background: transparent !important; \/* nessun bordo nero *\/\n    }\n  }\n<\/style>\n\n\n  <!-- ORARI MIGLIORATI -->\n  <div style=\"background:#ffffff; border:2px solid #d32f2f33; border-radius:12px; padding:18px 22px; margin:0 auto 32px; max-width:420px; text-align:center; box-shadow:0 2px 6px rgba(0,0,0,0.04);\">\n    <div style=\"font-size:40px; color:#d32f2f; margin-bottom:6px;\">\u23f0<\/div>\n    <h3 style=\"margin:0 0 6px; color:#d32f2f; font-size:1.3em;\">Orari del laboratorio<\/h3>\n    <p style=\"margin:0; font-size:1.12em; line-height:1.6;\">\n      <strong>Dal luned\u00ec al venerd\u00ec<\/strong><br>\n      <strong>10:00 \u2014 17:00<\/strong>\n    <\/p>\n  <\/div>\n\n  <!-- CITAZIONE IN ROSSO -->\n  <blockquote style=\"border-left:4px solid #d32f2f; padding-left:18px; margin:0 0 28px; font-size:1.25em; line-height:1.6; color:#d32f2f; font-weight:600; text-align:left;\">\n    \u00abOgni mattina un forcone si sveglia e sa che riempir\u00e0 di fieno una cariola.<br>\n    Ogni mattina un cavallo \u00e8 gi\u00e0 sveglio e sta mangiando perch\u00e9 non \u00e8 una mucca e deve mangiare costantemente.<br>\n    Non importa che tu sia forcone o cavallo, l\u2019importante \u00e8 che se piove porti l\u2019impermeabile perch\u00e9 si lavorer\u00e0 comunque!\u00bb\n  <\/blockquote>\n\n  <!-- TESTO UFFICIALE -->\n  <p style=\"font-size:1.15em; line-height:1.7; margin-bottom:22px; text-align:justify;\">\n    Ciampacavallo ospita un piccolo gruppo di animali da cortile (capre, pecore, galline e conigli) e tre piccoli branchi \n    di cavalli allo stato semi-brado, cio\u00e8 che vivono all&#8217;interno di grandi recinti all&#8217;aria aperta, un gregge misto di capre, \n    pecore e pony delle Shetland, oltre a galline e conigli. I nostri sono per la maggior parte animali salvati da situazioni \n    di deprivazione o abuso oppure, nel caso di alcuni cavalli, \u201cscartati\u201d dal circuito agonistico, per et\u00e0 o inadeguatezza.\n  <\/p>\n\n  <p style=\"font-size:1.15em; line-height:1.7; margin-bottom:0; text-align:justify;\">\n    All&#8217;interno di squadre di lavoro integrate, utenti e operatori provvedono all&#8217;accudimento quotidiano degli animali e alla \n    manutenzione degli spazi e delle strutture (recinti, abbeveratoi, mangiatoie, \u2026). I cavalli dell&#8217;allevamento sono gli stessi \n    che partecipano alle attivit\u00e0 sportive, educative e ludiche del maneggio, anche come co-terapeuti negli IAA.\n  <\/p>\n\n<\/section>\n\n\n\n<figure class=\"wp-block-gallery has-nested-images columns-default is-cropped wp-block-gallery-1 is-layout-flex wp-block-gallery-is-layout-flex\">\n<figure class=\"wp-block-image size-large\"><img loading=\"lazy\" decoding=\"async\" width=\"771\" height=\"1024\" data-id=\"355\" src=\"https:\/\/www.ciampacavallo.it\/nuovosito\/wp-content\/uploads\/2025\/11\/accudimento-2-771x1024.jpeg\" alt=\"\" class=\"wp-image-355\" srcset=\"https:\/\/www.ciampacavallo.it\/nuovosito\/wp-content\/uploads\/2025\/11\/accudimento-2-771x1024.jpeg 771w, https:\/\/www.ciampacavallo.it\/nuovosito\/wp-content\/uploads\/2025\/11\/accudimento-2-226x300.jpeg 226w, https:\/\/www.ciampacavallo.it\/nuovosito\/wp-content\/uploads\/2025\/11\/accudimento-2-768x1020.jpeg 768w, https:\/\/www.ciampacavallo.it\/nuovosito\/wp-content\/uploads\/2025\/11\/accudimento-2-1157x1536.jpeg 1157w, https:\/\/www.ciampacavallo.it\/nuovosito\/wp-content\/uploads\/2025\/11\/accudimento-2.jpeg 1536w\" sizes=\"auto, (max-width: 771px) 100vw, 771px\" \/><\/figure>\n\n\n\n<figure class=\"wp-block-image size-large\"><img loading=\"lazy\" decoding=\"async\" width=\"580\" height=\"1024\" data-id=\"353\" src=\"https:\/\/www.ciampacavallo.it\/nuovosito\/wp-content\/uploads\/2025\/11\/manutenzione-1-580x1024.jpeg\" alt=\"\" class=\"wp-image-353\" srcset=\"https:\/\/www.ciampacavallo.it\/nuovosito\/wp-content\/uploads\/2025\/11\/manutenzione-1-580x1024.jpeg 580w, https:\/\/www.ciampacavallo.it\/nuovosito\/wp-content\/uploads\/2025\/11\/manutenzione-1-170x300.jpeg 170w, https:\/\/www.ciampacavallo.it\/nuovosito\/wp-content\/uploads\/2025\/11\/manutenzione-1-768x1355.jpeg 768w, https:\/\/www.ciampacavallo.it\/nuovosito\/wp-content\/uploads\/2025\/11\/manutenzione-1-870x1536.jpeg 870w, https:\/\/www.ciampacavallo.it\/nuovosito\/wp-content\/uploads\/2025\/11\/manutenzione-1.jpeg 1156w\" sizes=\"auto, (max-width: 580px) 100vw, 580px\" \/><\/figure>\n\n\n\n<figure class=\"wp-block-image size-large\"><img loading=\"lazy\" decoding=\"async\" width=\"768\" height=\"1024\" data-id=\"354\" src=\"https:\/\/www.ciampacavallo.it\/nuovosito\/wp-content\/uploads\/2025\/11\/accudimento-3-768x1024.jpeg\" alt=\"\" class=\"wp-image-354\" srcset=\"https:\/\/www.ciampacavallo.it\/nuovosito\/wp-content\/uploads\/2025\/11\/accudimento-3-768x1024.jpeg 768w, https:\/\/www.ciampacavallo.it\/nuovosito\/wp-content\/uploads\/2025\/11\/accudimento-3-225x300.jpeg 225w, https:\/\/www.ciampacavallo.it\/nuovosito\/wp-content\/uploads\/2025\/11\/accudimento-3-1152x1536.jpeg 1152w, https:\/\/www.ciampacavallo.it\/nuovosito\/wp-content\/uploads\/2025\/11\/accudimento-3.jpeg 1536w\" sizes=\"auto, (max-width: 768px) 100vw, 768px\" \/><\/figure>\n<\/figure>\n","protected":false},"excerpt":{"rendered":"<p>Accudimento e Manutenzione \u23f0 Orari del laboratorio Dal luned\u00ec al venerd\u00ec 10:00 \u2014 17:00 \u00abOgni mattina un forcone si sveglia e sa che riempir\u00e0 di fieno una cariola. Ogni mattina [&hellip;]<\/p>\n","protected":false},"author":1,"featured_media":0,"parent":0,"menu_order":0,"comment_status":"closed","ping_status":"closed","template":"","meta":{"footnotes":""},"class_list":["post-352","page","type-page","status-publish","hentry"],"_links":{"self":[{"href":"https:\/\/www.ciampacavallo.it\/nuovosito\/wp-json\/wp\/v2\/pages\/352","targetHints":{"allow":["GET"]}}],"collection":[{"href":"https:\/\/www.ciampacavallo.it\/nuovosito\/wp-json\/wp\/v2\/pages"}],"about":[{"href":"https:\/\/www.ciampacavallo.it\/nuovosito\/wp-json\/wp\/v2\/types\/page"}],"author":[{"embeddable":true,"href":"https:\/\/www.ciampacavallo.it\/nuovosito\/wp-json\/wp\/v2\/users\/1"}],"replies":[{"embeddable":true,"href":"https:\/\/www.ciampacavallo.it\/nuovosito\/wp-json\/wp\/v2\/comments?post=352"}],"version-history":[{"count":2,"href":"https:\/\/www.ciampacavallo.it\/nuovosito\/wp-json\/wp\/v2\/pages\/352\/revisions"}],"predecessor-version":[{"id":359,"href":"https:\/\/www.ciampacavallo.it\/nuovosito\/wp-json\/wp\/v2\/pages\/352\/revisions\/359"}],"wp:attachment":[{"href":"https:\/\/www.ciampacavallo.it\/nuovosito\/wp-json\/wp\/v2\/media?parent=352"}],"curies":[{"name":"wp","href":"https:\/\/api.w.org\/{rel}","templated":true}]}}