{"id":334,"date":"2025-11-10T20:03:06","date_gmt":"2025-11-10T19:03:06","guid":{"rendered":"https:\/\/www.ciampacavallo.it\/nuovosito\/?page_id=334"},"modified":"2025-11-10T20:03:33","modified_gmt":"2025-11-10T19:03:33","slug":"centro-diurno-outdoor","status":"publish","type":"page","link":"https:\/\/www.ciampacavallo.it\/nuovosito\/centro-diurno-outdoor\/","title":{"rendered":"Centro Diurno Outdoor"},"content":{"rendered":"\n<section style=\"padding:40px 20px; background:#f9f9f9; border-radius:12px; max-width:900px; margin:0 auto; font-family: Arial, sans-serif;\">\n  <h2 style=\"font-size:2.2em; text-align:center; color:#d32f2f; margin-bottom:30px;\">Centro Diurno Outdoor<\/h2>\n\n  <!-- Copertina -->\n  <img decoding=\"async\" src=\"http:\/\/www.ciampacavallo.it\/nuovosito\/wp-content\/uploads\/2025\/11\/outdoor-scaled.jpg\"\n       alt=\"Centro Diurno Outdoor a Ciampacavallo\"\n       style=\"width:100%; border-radius:12px; margin-bottom:30px; max-height:320px; object-fit:cover;\">\n\n  <!-- Testo integrale (versione completa del PDF, con i link ai laboratori) -->\n  <p style=\"font-size:1.15em; line-height:1.65; margin-bottom:22px; text-align:justify;\">\n    Il nostro <strong>Centro Diurno<\/strong> prende le mosse e si sviluppa in una prospettiva <strong>bio-psico-sociale<\/strong>; nel tentativo, cio\u00e8,\n    di prendere in carico la persona nella sua interezza con le sue criticit\u00e0 e le sue risorse, superando la mera\n    catalogazione della Diagnosi. In quest\u2019ottica accogliamo persone con diversi tipi di disabilit\u00e0 e difficolt\u00e0, da\n    lievi ritardi ad autismi molto severi, ma anche tirocini di inclusione sociale, messe alla prova del tribunale,\n    persone provenienti da situazioni di marginalit\u00e0 o fragilit\u00e0 socio-economiche.\n  <\/p>\n\n  <p style=\"font-size:1.15em; line-height:1.65; margin-bottom:22px; text-align:justify;\">\n    Sulla scia della \u201cnascente\u201d strutturazione della <strong>Green Care<\/strong> e delle <strong>NBT \u2013 Nature Based Therapy<\/strong>, Ciampacavallo\n    propone, oltre allo sport, attivit\u00e0 diurne e laboratoriali in un contesto prevalentemente <em>Outdoor<\/em>, appunto.\n    La nostra struttura, immersa nel verde, si trova nel cuore del Parco dell\u2019Appia Antica. Gli spazi indoor presenti\n    esistono solo come seconda opzione e vengono abitati esclusivamente quando quelli all\u2019aperto sono impraticabili.\n  <\/p>\n\n  <p style=\"font-size:1.15em; line-height:1.65; margin-bottom:22px; text-align:justify;\">\n    La nostra metodologia nasce alla fine degli anni \u201990 dall\u2019<strong>accudimento dei cavalli<\/strong>, quando le persone che\n    svolgevano gli IAA (Interventi Assistiti con gli Animali), che non si chiamavano ancora cos\u00ec, hanno iniziato a\n    chiedere di passare pi\u00f9 tempo con noi e con i nostri amici a quattro zampe, perch\u00e9 ne traevano beneficio, perch\u00e9\n    non avevano altri posti dove andare oppure perch\u00e9 dagli altri posti erano stati allontanati o rifiutati.\n  <\/p>\n\n  <p style=\"font-size:1.15em; line-height:1.65; margin-bottom:22px; text-align:justify;\">\n    Anno dopo anno abbiamo ampliato la nostra \u201cofferta\u201d laboratoriale, poich\u00e9 non tutte le persone che si\n    rivolgevano a noi avevano la possibilit\u00e0 o il piacere di passare l\u2019intera giornata con i cavalli. In questo modo\n    sono nati il <a href=\"\/laboratori\/ciampavivaio\" style=\"color:#d32f2f; font-weight:600; text-decoration:underline;\">CiampaVivaio<\/a>,\n    l\u2019<a href=\"\/laboratori\/artigianato\" style=\"color:#d32f2f; font-weight:600; text-decoration:underline;\">Artigianato<\/a> e la\n    <a href=\"\/laboratori\/serigrafia-divergente\" style=\"color:#d32f2f; font-weight:600; text-decoration:underline;\">Serigrafia Divergente<\/a>,\n    oltre alle attivit\u00e0 di <a href=\"\/laboratori\/accudimento-e-manutenzione\" style=\"color:#d32f2f; font-weight:600; text-decoration:underline;\">Accudimento &amp; Manutenzione<\/a>.\n  <\/p>\n\n  <p style=\"font-size:1.15em; line-height:1.65; margin-bottom:22px; text-align:justify;\">\n    Storicamente l&#8217;intervento sulla cos\u00ec detta \u201cmalattia mentale\u201d, anche dopo la riforma Basaglia, \u00e8 stato concepito,\n    nella migliore delle ipotesi, in una prospettiva assistenziale, sterile e regressiva, perpetrando una concezione\n    infantilizzata dell\u2019utente, perpetuamente impossibilitato all&#8217;autonomia e all&#8217;assunzione di responsabilit\u00e0. Per effetto\n    di questa concezione queste persone, in realt\u00e0 un universo variegato di vite differenti, sono state relegate in un&#8217;unica\n    grande categoria, quella dei \u201cbisognosi\u201d, oggetto delle cure, delle preoccupazioni, degli interventi o delle politiche altrui.\n  <\/p>\n\n  <p style=\"font-size:1.15em; line-height:1.65; margin-bottom:22px; text-align:justify;\">\n    In questo paradigma l\u2019imprevisto, l\u2019inatteso, sono diventati nemici da sacrificare sull\u2019altare della standardizzazione\n    e della prevedibilit\u00e0 asettica degli interventi, imponendo un\u2019ottica medicalizzata e istituzionalizzante dei contesti di\n    assistenza ed accoglienza dedicati a questa eterogenea comunit\u00e0.\n  <\/p>\n\n  <p style=\"font-size:1.15em; line-height:1.65; margin-bottom:22px; text-align:justify;\">\n    Ciampacavallo, al contrario, elegge l\u2019imprevisto e il cambiamento come valori fondamentali delle dinamiche di crescita\n    e sviluppo. Il contesto outdoor impone una misurata aleatoriet\u00e0, dovuta in prima istanza alle condizioni meteorologiche\n    e climatiche, ma non solo, che insieme all\u2019eterogeneit\u00e0 delle figure presenti (operatori, psicologi, tirocinanti, volontari,\n    istruttori e atleti dell\u2019equitazione e, ovviamente, gli altri utenti) riproduce, all\u2019interno di un contesto protetto,\n    l\u2019imprevedibilit\u00e0 dei contesti \u201creali\u201d, quei contesti esterni alle istituzioni nei quali dovrebbero registrarsi gli eventuali\n    benefici apportati dagli interventi realizzati.\n  <\/p>\n\n  <!-- STAFF (centrato, con icona) -->\n  <div style=\"background:#fff; border:1px solid #eee; border-radius:12px; padding:24px 20px; margin:40px auto 10px; text-align:center; max-width:700px;\">\n    <div style=\"font-size:48px; color:#d32f2f; margin-bottom:10px;\">\ud83d\udc65<\/div>\n    <h3 style=\"margin:0 0 10px; color:#d32f2f; font-size:1.6em;\">Staff<\/h3>\n    <p style=\"margin:6px 0; font-size:1.05em; line-height:1.65;\">\n      Dal 2023 il personale del <strong>Centro Diurno Outdoor<\/strong> di Ciampacavallo \u00e8 fornito dalla <strong>CiampaCoop<\/strong>.\n    <\/p>\n    <p style=\"margin:6px 0; font-size:1.05em; line-height:1.65;\">\n      <strong>Responsabile clinico:<\/strong> Dott. Lorenzo Pandolfi \u2013 Psicologo clinico (Albo Psicologi del Lazio)<br>\n      <strong>Coordinamento:<\/strong> Dott. Matteo Marzullo \u2013 Psicologo clinico (Albo Psicologi del Lazio)\n    <\/p>\n  <\/div>\n<\/section>\n\n","protected":false},"excerpt":{"rendered":"<p>Centro Diurno Outdoor Il nostro Centro Diurno prende le mosse e si sviluppa in una prospettiva bio-psico-sociale; nel tentativo, cio\u00e8, di prendere in carico la persona nella sua interezza con [&hellip;]<\/p>\n","protected":false},"author":1,"featured_media":0,"parent":0,"menu_order":0,"comment_status":"closed","ping_status":"closed","template":"","meta":{"footnotes":""},"class_list":["post-334","page","type-page","status-publish","hentry"],"_links":{"self":[{"href":"https:\/\/www.ciampacavallo.it\/nuovosito\/wp-json\/wp\/v2\/pages\/334","targetHints":{"allow":["GET"]}}],"collection":[{"href":"https:\/\/www.ciampacavallo.it\/nuovosito\/wp-json\/wp\/v2\/pages"}],"about":[{"href":"https:\/\/www.ciampacavallo.it\/nuovosito\/wp-json\/wp\/v2\/types\/page"}],"author":[{"embeddable":true,"href":"https:\/\/www.ciampacavallo.it\/nuovosito\/wp-json\/wp\/v2\/users\/1"}],"replies":[{"embeddable":true,"href":"https:\/\/www.ciampacavallo.it\/nuovosito\/wp-json\/wp\/v2\/comments?post=334"}],"version-history":[{"count":1,"href":"https:\/\/www.ciampacavallo.it\/nuovosito\/wp-json\/wp\/v2\/pages\/334\/revisions"}],"predecessor-version":[{"id":335,"href":"https:\/\/www.ciampacavallo.it\/nuovosito\/wp-json\/wp\/v2\/pages\/334\/revisions\/335"}],"wp:attachment":[{"href":"https:\/\/www.ciampacavallo.it\/nuovosito\/wp-json\/wp\/v2\/media?parent=334"}],"curies":[{"name":"wp","href":"https:\/\/api.w.org\/{rel}","templated":true}]}}