{"id":269,"date":"2025-09-26T17:26:30","date_gmt":"2025-09-26T15:26:30","guid":{"rendered":"https:\/\/www.ciampacavallo.it\/nuovosito\/?page_id=269"},"modified":"2025-09-26T17:34:58","modified_gmt":"2025-09-26T15:34:58","slug":"casaciampa","status":"publish","type":"page","link":"https:\/\/www.ciampacavallo.it\/nuovosito\/casaciampa\/","title":{"rendered":"CasaCiampa"},"content":{"rendered":"\n<section style=\"padding:40px 20px; background:#f9f9f9; border-radius:12px; max-width:900px; margin:0 auto; font-family: Arial, sans-serif;\">\n  <h2 style=\"font-size:2.2em; text-align:center; color:#d32f2f; margin-bottom:30px;\">CasaCiampa<\/h2>\n <img decoding=\"async\" src=\"http:\/\/www.ciampacavallo.it\/nuovosito\/wp-content\/uploads\/2025\/09\/CasaCiampa2.jpg\" alt=\"CasaCiampa\"\n    style=\"max-width:60%; width:auto; height:auto; border-radius:12px; margin-bottom:30px; object-fit:contain; display:block; margin-left:auto; margin-right:auto;\">\n  <p style=\"font-size:1.15em; line-height:1.65; margin-bottom:22px; text-align:justify;\">\n    Benvenuti a CasaCiampa, il centro diurno accreditato socioassistenziale per persone adulte con disabilit\u00e0 complesse di Ciampacavallo. CasaCiampa \u00e8 nato nel 2019 e oggi \u00e8 un centro diurno convenzionato con Roma Capitale.\n  <\/p>\n  <p style=\"font-size:1.15em; line-height:1.65; margin-bottom:22px; text-align:justify;\">\n    L\u2019obiettivo generale di CasaCiampa \u00e8 garantire una buona qualit\u00e0 della vita quotidiana ai\/alle partecipanti. Per raggiungere questo obiettivo le \u201cchiavi\u201d sono quelle della promozione della diversit\u00e0, del rispetto della singolarit\u00e0 di ciascuna\/o, del desiderio di lavorare e divertirsi insieme.\n  <\/p>\n  <p style=\"font-size:1.15em; line-height:1.65; margin-bottom:22px; text-align:justify;\">\n    Il clima pacifico e regolato, la considerazione delle necessit\u00e0 particolari, l\u2019attenzione ai dettagli, l\u2019uso dell\u2019ironia contribuiscono alla costruzione di una \u201catmosfera terapeutica\u201d, necessaria per avere cura di persone con disabilit\u00e0 grave.\n  <\/p>\n  <p style=\"font-size:1.15em; line-height:1.65; margin-bottom:22px; text-align:justify;\">\n    Ci riusciamo grazie all\u2019applicazione di una \u201cbuona pratica\u201d che si chiama Pratique \u00e0 plusieurs (Pratica a diversi, in italiano) e alla sua messa alla prova da un punto di vista clinico e scientifico; CasaCiampa aderisce infatti a una rete nazionale e internazionale di istituzioni (l\u2019associazione internazionale Champ freudien) che promuove convegni periodici e reti operative che contribuiscono agli studi e all\u2019avanzamento scientifico nel campo della ricerca sulle disabilit\u00e0 complesse e sull\u2019autismo.\n  <\/p>\n\n  <h3 style=\"margin-top:30px; color:#d32f2f;\">Metodologia e logica del lavoro<\/h3>\n  <p style=\"font-size:1.15em; line-height:1.65; margin-bottom:15px; text-align:justify;\">\n    Tre punti logici fondamentali strutturano il funzionamento del Centro CasaCiampa:\n  <\/p>\n  <ul style=\"font-size:1.15em; line-height:1.65; margin-left:20px;\">\n    <li>Dare spazio all\u2019Altro della parola (\u201criconoscimento\u201d del soggetto) accoppiandolo all\u2019Altro del linguaggio (il campo prettamente umano, diciamo \u201cil l\u00ec dove si parla\u201d);<\/li>\n    <li>Assicurare a questo Altro, regolato e limitato, una continuit\u00e0 spazio-temporale (cio\u00e8 pi\u00f9 che somministrare un trattamento o una terapia, creare un\u2019atmosfera che permetta ai soggetti di \u201cvivere bene\u201d e stabilmente la loro quotidianit\u00e0);<\/li>\n    <li>Garantire che ci siano pi\u00f9 soggetti, uno per uno, pronti a farsi partner degli utenti (dunque \u201ca diversi\u201d).<\/li>\n  <\/ul>\n  <p style=\"font-size:1.15em; line-height:1.65; margin-top:20px; text-align:justify;\">\n    Per far funzionare questi elementi logici occorre che siano continuit\u00e0 e discontinuit\u00e0 del lavoro, nel tempo e nello spazio:\n  <\/p>\n  <ul style=\"font-size:1.15em; line-height:1.65; margin-left:20px;\">\n    <li>Continuit\u00e0 nell\u2019essere pronti affinch\u00e9 ogni partner dell\u2019utente si senta convocato dalle sue seppure indirette, sollecitazioni;<\/li>\n    <li>Continuit\u00e0 nell\u2019instaurare un Altro limitato, regolato e \u201cnon-tutto\u201d (cio\u00e8 non persecutorio);<\/li>\n    <li>Discontinuit\u00e0 nella presenza dei partners dell\u2019utente resa possibile dalla permutazione che facilita l\u2019instaurazione dell\u2019Altro regolato e ostacola la fissazione del soggetto a un solo partner.<\/li>\n  <\/ul>\n<\/section>\n\n\n\n\n<figure class=\"wp-block-gallery has-nested-images columns-default is-cropped wp-block-gallery-1 is-layout-flex wp-block-gallery-is-layout-flex\">\n<figure class=\"wp-block-image size-large\"><img loading=\"lazy\" decoding=\"async\" width=\"768\" height=\"1024\" data-id=\"274\" src=\"https:\/\/www.ciampacavallo.it\/nuovosito\/wp-content\/uploads\/2025\/09\/CasaCiampa4-768x1024.jpg\" alt=\"\" class=\"wp-image-274\" srcset=\"https:\/\/www.ciampacavallo.it\/nuovosito\/wp-content\/uploads\/2025\/09\/CasaCiampa4-768x1024.jpg 768w, https:\/\/www.ciampacavallo.it\/nuovosito\/wp-content\/uploads\/2025\/09\/CasaCiampa4-225x300.jpg 225w, https:\/\/www.ciampacavallo.it\/nuovosito\/wp-content\/uploads\/2025\/09\/CasaCiampa4-1152x1536.jpg 1152w, https:\/\/www.ciampacavallo.it\/nuovosito\/wp-content\/uploads\/2025\/09\/CasaCiampa4.jpg 1536w\" sizes=\"auto, (max-width: 768px) 100vw, 768px\" \/><\/figure>\n\n\n\n<figure class=\"wp-block-image size-large\"><img loading=\"lazy\" decoding=\"async\" width=\"768\" height=\"1024\" data-id=\"273\" src=\"https:\/\/www.ciampacavallo.it\/nuovosito\/wp-content\/uploads\/2025\/09\/CasaCiampa3-768x1024.jpg\" alt=\"\" class=\"wp-image-273\" srcset=\"https:\/\/www.ciampacavallo.it\/nuovosito\/wp-content\/uploads\/2025\/09\/CasaCiampa3-768x1024.jpg 768w, https:\/\/www.ciampacavallo.it\/nuovosito\/wp-content\/uploads\/2025\/09\/CasaCiampa3-225x300.jpg 225w, https:\/\/www.ciampacavallo.it\/nuovosito\/wp-content\/uploads\/2025\/09\/CasaCiampa3-1152x1536.jpg 1152w, https:\/\/www.ciampacavallo.it\/nuovosito\/wp-content\/uploads\/2025\/09\/CasaCiampa3.jpg 1536w\" sizes=\"auto, (max-width: 768px) 100vw, 768px\" \/><\/figure>\n\n\n\n<figure class=\"wp-block-image size-large\"><img loading=\"lazy\" decoding=\"async\" width=\"771\" height=\"1024\" data-id=\"275\" src=\"https:\/\/www.ciampacavallo.it\/nuovosito\/wp-content\/uploads\/2025\/09\/CasaCiampa5-771x1024.jpg\" alt=\"\" class=\"wp-image-275\" srcset=\"https:\/\/www.ciampacavallo.it\/nuovosito\/wp-content\/uploads\/2025\/09\/CasaCiampa5-771x1024.jpg 771w, https:\/\/www.ciampacavallo.it\/nuovosito\/wp-content\/uploads\/2025\/09\/CasaCiampa5-226x300.jpg 226w, https:\/\/www.ciampacavallo.it\/nuovosito\/wp-content\/uploads\/2025\/09\/CasaCiampa5-768x1020.jpg 768w, https:\/\/www.ciampacavallo.it\/nuovosito\/wp-content\/uploads\/2025\/09\/CasaCiampa5-1157x1536.jpg 1157w, https:\/\/www.ciampacavallo.it\/nuovosito\/wp-content\/uploads\/2025\/09\/CasaCiampa5-1542x2048.jpg 1542w, https:\/\/www.ciampacavallo.it\/nuovosito\/wp-content\/uploads\/2025\/09\/CasaCiampa5-scaled.jpg 1928w\" sizes=\"auto, (max-width: 771px) 100vw, 771px\" \/><\/figure>\n<\/figure>\n","protected":false},"excerpt":{"rendered":"<p>CasaCiampa Benvenuti a CasaCiampa, il centro diurno accreditato socioassistenziale per persone adulte con disabilit\u00e0 complesse di Ciampacavallo. CasaCiampa \u00e8 nato nel 2019 e oggi \u00e8 un centro diurno convenzionato con [&hellip;]<\/p>\n","protected":false},"author":1,"featured_media":0,"parent":0,"menu_order":0,"comment_status":"closed","ping_status":"closed","template":"","meta":{"footnotes":""},"class_list":["post-269","page","type-page","status-publish","hentry"],"_links":{"self":[{"href":"https:\/\/www.ciampacavallo.it\/nuovosito\/wp-json\/wp\/v2\/pages\/269","targetHints":{"allow":["GET"]}}],"collection":[{"href":"https:\/\/www.ciampacavallo.it\/nuovosito\/wp-json\/wp\/v2\/pages"}],"about":[{"href":"https:\/\/www.ciampacavallo.it\/nuovosito\/wp-json\/wp\/v2\/types\/page"}],"author":[{"embeddable":true,"href":"https:\/\/www.ciampacavallo.it\/nuovosito\/wp-json\/wp\/v2\/users\/1"}],"replies":[{"embeddable":true,"href":"https:\/\/www.ciampacavallo.it\/nuovosito\/wp-json\/wp\/v2\/comments?post=269"}],"version-history":[{"count":3,"href":"https:\/\/www.ciampacavallo.it\/nuovosito\/wp-json\/wp\/v2\/pages\/269\/revisions"}],"predecessor-version":[{"id":278,"href":"https:\/\/www.ciampacavallo.it\/nuovosito\/wp-json\/wp\/v2\/pages\/269\/revisions\/278"}],"wp:attachment":[{"href":"https:\/\/www.ciampacavallo.it\/nuovosito\/wp-json\/wp\/v2\/media?parent=269"}],"curies":[{"name":"wp","href":"https:\/\/api.w.org\/{rel}","templated":true}]}}