{"id":212,"date":"2025-09-26T15:55:51","date_gmt":"2025-09-26T13:55:51","guid":{"rendered":"https:\/\/www.ciampacavallo.it\/nuovosito\/?page_id=212"},"modified":"2025-09-26T15:56:26","modified_gmt":"2025-09-26T13:56:26","slug":"soggiorni-estivi","status":"publish","type":"page","link":"https:\/\/www.ciampacavallo.it\/nuovosito\/soggiorni-estivi\/","title":{"rendered":"Soggiorni Estivi"},"content":{"rendered":"\n<section style=\"padding:40px 20px; background:#f9f9f9; border-radius:12px; max-width:900px; margin:0 auto; font-family: Arial, sans-serif;\">\n  <h2 style=\"color:#d32f2f; font-size:2.2em; text-align:center; margin-bottom:30px;\">\n    Soggiorni Estivi\n  <\/h2>\n  \n  <img decoding=\"async\" src=\"http:\/\/www.ciampacavallo.it\/nuovosito\/wp-content\/uploads\/2025\/09\/soggiorniestivi5-scaled.jpg\" alt=\"Soggiorni Estivi\" style=\"width:100%; border-radius:12px; margin-bottom:30px; max-height:320px; object-fit:cover;\">\n  \n  <p style=\"font-size:1.15em; line-height:1.65; margin-bottom:22px; text-align:justify;\">\n    Quando i weekend non bastano, i nostri <strong>soggiorni estivi<\/strong> prendono il via! Per una o pi\u00f9 settimane, partiamo per vere e proprie &#8220;vacanze&#8221; alla scoperta del Lazio e non solo. La formula \u00e8 la stessa dei Ciampaweekend: indipendenza, scoperta e amicizia, ma con un&#8217;opportunit\u00e0 ancora pi\u00f9 grande di <strong>fare quante pi\u00f9 esperienze possibili<\/strong>.\n  <\/p>\n  \n  <p style=\"font-size:1.15em; line-height:1.65; margin-bottom:22px; text-align:justify;\">\n    Passiamo le nostre giornate tra <strong>percorsi trekking, rafting e arrampicata<\/strong>, esplorando la natura con uscite al mare o in montagna. Non mancano le avventure pi\u00f9 insolite, come il golf, o le visite a luoghi speciali e laboratori creativi. La sera ci immergiamo nel ritmo del territorio, partecipando a sagre, concerti ed eventi locali.\n  <\/p>\n  \n  <p style=\"font-size:1.15em; line-height:1.65; margin-bottom:22px; text-align:justify;\">\n    Soggiorniamo in strutture diverse, dai <strong>villaggi turistici<\/strong> alle <strong>basi scout<\/strong>, per vivere appieno ogni luogo e ogni avventura. L&#8217;obiettivo \u00e8 uno solo: tornare a casa con la mente piena di ricordi e il cuore pieno di emozioni.\n  <\/p>\n  \n  <p style=\"font-size:1.15em; line-height:1.65; margin-bottom:0; text-align:justify;\">\n    Anche per i soggiorni estivi \u00e8 necessario essere maggiorenni e aver gi\u00e0 conosciuto la nostra associazione attraverso un percorso precedente.\n  <\/p>\n<\/section>\n\n\n\n\n<figure class=\"wp-block-gallery has-nested-images columns-default is-cropped wp-block-gallery-1 is-layout-flex wp-block-gallery-is-layout-flex\">\n<figure class=\"wp-block-image size-large\"><img loading=\"lazy\" decoding=\"async\" width=\"1024\" height=\"771\" data-id=\"213\" src=\"https:\/\/www.ciampacavallo.it\/nuovosito\/wp-content\/uploads\/2025\/09\/soggiorni-estivi-3-1024x771.jpg\" alt=\"\" class=\"wp-image-213\" srcset=\"https:\/\/www.ciampacavallo.it\/nuovosito\/wp-content\/uploads\/2025\/09\/soggiorni-estivi-3-1024x771.jpg 1024w, https:\/\/www.ciampacavallo.it\/nuovosito\/wp-content\/uploads\/2025\/09\/soggiorni-estivi-3-300x226.jpg 300w, https:\/\/www.ciampacavallo.it\/nuovosito\/wp-content\/uploads\/2025\/09\/soggiorni-estivi-3-768x578.jpg 768w, https:\/\/www.ciampacavallo.it\/nuovosito\/wp-content\/uploads\/2025\/09\/soggiorni-estivi-3-1536x1157.jpg 1536w, https:\/\/www.ciampacavallo.it\/nuovosito\/wp-content\/uploads\/2025\/09\/soggiorni-estivi-3-2048x1542.jpg 2048w\" sizes=\"auto, (max-width: 1024px) 100vw, 1024px\" \/><\/figure>\n\n\n\n<figure class=\"wp-block-image size-large\"><img loading=\"lazy\" decoding=\"async\" width=\"768\" height=\"1024\" data-id=\"215\" src=\"https:\/\/www.ciampacavallo.it\/nuovosito\/wp-content\/uploads\/2025\/09\/soggiorniestivi4-768x1024.jpg\" alt=\"\" class=\"wp-image-215\" srcset=\"https:\/\/www.ciampacavallo.it\/nuovosito\/wp-content\/uploads\/2025\/09\/soggiorniestivi4-768x1024.jpg 768w, https:\/\/www.ciampacavallo.it\/nuovosito\/wp-content\/uploads\/2025\/09\/soggiorniestivi4-225x300.jpg 225w, https:\/\/www.ciampacavallo.it\/nuovosito\/wp-content\/uploads\/2025\/09\/soggiorniestivi4-1152x1536.jpg 1152w, https:\/\/www.ciampacavallo.it\/nuovosito\/wp-content\/uploads\/2025\/09\/soggiorniestivi4.jpg 1536w\" sizes=\"auto, (max-width: 768px) 100vw, 768px\" \/><\/figure>\n\n\n\n<figure class=\"wp-block-image size-large\"><img loading=\"lazy\" decoding=\"async\" width=\"1024\" height=\"802\" data-id=\"214\" src=\"https:\/\/www.ciampacavallo.it\/nuovosito\/wp-content\/uploads\/2025\/09\/soggiorni-estivi2-1024x802.jpg\" alt=\"\" class=\"wp-image-214\" srcset=\"https:\/\/www.ciampacavallo.it\/nuovosito\/wp-content\/uploads\/2025\/09\/soggiorni-estivi2-1024x802.jpg 1024w, https:\/\/www.ciampacavallo.it\/nuovosito\/wp-content\/uploads\/2025\/09\/soggiorni-estivi2-300x235.jpg 300w, https:\/\/www.ciampacavallo.it\/nuovosito\/wp-content\/uploads\/2025\/09\/soggiorni-estivi2-768x601.jpg 768w, https:\/\/www.ciampacavallo.it\/nuovosito\/wp-content\/uploads\/2025\/09\/soggiorni-estivi2-1536x1202.jpg 1536w, https:\/\/www.ciampacavallo.it\/nuovosito\/wp-content\/uploads\/2025\/09\/soggiorni-estivi2-2048x1603.jpg 2048w\" sizes=\"auto, (max-width: 1024px) 100vw, 1024px\" \/><\/figure>\n<\/figure>\n","protected":false},"excerpt":{"rendered":"<p>Soggiorni Estivi Quando i weekend non bastano, i nostri soggiorni estivi prendono il via! Per una o pi\u00f9 settimane, partiamo per vere e proprie &#8220;vacanze&#8221; alla scoperta del Lazio e [&hellip;]<\/p>\n","protected":false},"author":1,"featured_media":0,"parent":0,"menu_order":0,"comment_status":"closed","ping_status":"closed","template":"","meta":{"footnotes":""},"class_list":["post-212","page","type-page","status-publish","hentry"],"_links":{"self":[{"href":"https:\/\/www.ciampacavallo.it\/nuovosito\/wp-json\/wp\/v2\/pages\/212","targetHints":{"allow":["GET"]}}],"collection":[{"href":"https:\/\/www.ciampacavallo.it\/nuovosito\/wp-json\/wp\/v2\/pages"}],"about":[{"href":"https:\/\/www.ciampacavallo.it\/nuovosito\/wp-json\/wp\/v2\/types\/page"}],"author":[{"embeddable":true,"href":"https:\/\/www.ciampacavallo.it\/nuovosito\/wp-json\/wp\/v2\/users\/1"}],"replies":[{"embeddable":true,"href":"https:\/\/www.ciampacavallo.it\/nuovosito\/wp-json\/wp\/v2\/comments?post=212"}],"version-history":[{"count":1,"href":"https:\/\/www.ciampacavallo.it\/nuovosito\/wp-json\/wp\/v2\/pages\/212\/revisions"}],"predecessor-version":[{"id":217,"href":"https:\/\/www.ciampacavallo.it\/nuovosito\/wp-json\/wp\/v2\/pages\/212\/revisions\/217"}],"wp:attachment":[{"href":"https:\/\/www.ciampacavallo.it\/nuovosito\/wp-json\/wp\/v2\/media?parent=212"}],"curies":[{"name":"wp","href":"https:\/\/api.w.org\/{rel}","templated":true}]}}