{"id":205,"date":"2025-09-26T15:46:38","date_gmt":"2025-09-26T13:46:38","guid":{"rendered":"https:\/\/www.ciampacavallo.it\/nuovosito\/?page_id=205"},"modified":"2025-09-26T15:49:14","modified_gmt":"2025-09-26T13:49:14","slug":"ciampaweekend","status":"publish","type":"page","link":"https:\/\/www.ciampacavallo.it\/nuovosito\/ciampaweekend\/","title":{"rendered":"CiampaWeekend"},"content":{"rendered":"\n<section style=\"padding:40px 20px; background:#f9f9f9; border-radius:12px; max-width:900px; margin:0 auto; font-family: Arial, sans-serif;\">\n  <h2 style=\"font-size:2.2em; text-align:center; color:#d32f2f; margin-bottom:30px;\">CiampaWeekend<\/h2>\n\n  <img decoding=\"async\" src=\"http:\/\/www.ciampacavallo.it\/nuovosito\/wp-content\/uploads\/2025\/09\/weekend1-scaled.jpg\" alt=\"CiampaWeekend Esperienze\" style=\"width:100%; border-radius:12px; margin-bottom:30px; max-height: 320px; object-fit: cover;\">\n\n  <p style=\"font-size:1.15em; line-height:1.65; margin-bottom:22px; text-align:justify;\">\n    Sei pronto a staccare dalla routine e vivere un&#8217;esperienza autentica? I <strong>Ciampaweekend<\/strong> ti portano alla scoperta del Lazio e delle sue meraviglie, per un&#8217;avventura che unisce divertimento, cultura e amicizia.\n  <\/p>\n\n  <p style=\"font-size:1.15em; line-height:1.65; margin-bottom:22px; text-align:justify;\">\n    Non siamo semplici turisti: i nostri weekend sono un&#8217;opportunit\u00e0 per vivere il territorio in modo attivo e indipendente, lavorando insieme per creare un&#8217;esperienza indimenticabile.\n  <\/p>\n\n  <p style=\"font-size:1.15em; line-height:1.65; margin-bottom:22px; text-align:justify;\">\n    Ogni Ciampaweekend \u00e8 un viaggio che ti trasforma. Ti aiuteremo a sviluppare nuove abilit\u00e0 e a metterti alla prova, dalla <strong>preparazione dei pasti<\/strong> alla <strong>gestione delle stanze<\/strong>. C&#8217;\u00e8 spazio per tutti e ognuno contribuisce a rendere speciale il nostro tempo insieme.\n  <\/p>\n\n  <p style=\"font-size:1.15em; line-height:1.65; margin-bottom:22px; text-align:justify;\">\n    Ogni fine settimana \u00e8 ricco di attivit\u00e0 pensate per farti conoscere il cuore pulsante dei luoghi che visitiamo. Partecipiamo a mostre, sagre e eventi tradizionali, e collaboriamo con associazioni locali e Pro Loco per offrirti esperienze autentiche e uniche. Camminiamo insieme tra borghi storici, ci perdiamo nella bellezza della natura con gite ed escursioni e scopriamo i sapori unici della tradizione.\n  <\/p>\n\n  <p style=\"font-size:1.15em; line-height:1.65; margin-bottom:22px; text-align:justify;\">\n    Ma al di l\u00e0 di ogni attivit\u00e0, il vero cuore dei Ciampaweekend \u00e8 il tempo che passiamo insieme. I nostri weekend sono fatti per condividere risate, creare nuovi ricordi e stringere amicizie durature. \u00c8 il modo perfetto per vivere un&#8217;avventura con persone che la pensano come te.\n  <\/p>\n\n  <p style=\"font-size:1.15em; line-height:1.65; margin-bottom:22px; text-align:justify;\">\n    Pronto a unirti al prossimo Ciampaweekend? Scopri le nostre prossime destinazioni e preparati a vivere un&#8217;avventura che non dimenticherai.\n  <\/p>\n\n  <p style=\"font-size:1.15em; line-height:1.65; margin-bottom:0; text-align:justify;\">\n    Questi weekend sono pensati per la nostra community: per partecipare \u00e8 necessario essere maggiorenni e aver gi\u00e0 conosciuto la nostra associazione attraverso un percorso precedente.\n  <\/p>\n<\/section>\n\n\n\n<figure class=\"wp-block-gallery has-nested-images columns-default is-cropped wp-block-gallery-1 is-layout-flex wp-block-gallery-is-layout-flex\">\n<figure class=\"wp-block-image size-large\"><img loading=\"lazy\" decoding=\"async\" width=\"1024\" height=\"771\" data-id=\"208\" src=\"https:\/\/www.ciampacavallo.it\/nuovosito\/wp-content\/uploads\/2025\/09\/weekend2-1024x771.jpg\" alt=\"\" class=\"wp-image-208\" srcset=\"https:\/\/www.ciampacavallo.it\/nuovosito\/wp-content\/uploads\/2025\/09\/weekend2-1024x771.jpg 1024w, https:\/\/www.ciampacavallo.it\/nuovosito\/wp-content\/uploads\/2025\/09\/weekend2-300x226.jpg 300w, https:\/\/www.ciampacavallo.it\/nuovosito\/wp-content\/uploads\/2025\/09\/weekend2-768x578.jpg 768w, https:\/\/www.ciampacavallo.it\/nuovosito\/wp-content\/uploads\/2025\/09\/weekend2-1536x1157.jpg 1536w, https:\/\/www.ciampacavallo.it\/nuovosito\/wp-content\/uploads\/2025\/09\/weekend2-2048x1542.jpg 2048w\" sizes=\"auto, (max-width: 1024px) 100vw, 1024px\" \/><\/figure>\n\n\n\n<figure class=\"wp-block-image size-large\"><img loading=\"lazy\" decoding=\"async\" width=\"1024\" height=\"771\" data-id=\"207\" src=\"https:\/\/www.ciampacavallo.it\/nuovosito\/wp-content\/uploads\/2025\/09\/weekend3-1024x771.jpg\" alt=\"\" class=\"wp-image-207\" srcset=\"https:\/\/www.ciampacavallo.it\/nuovosito\/wp-content\/uploads\/2025\/09\/weekend3-1024x771.jpg 1024w, https:\/\/www.ciampacavallo.it\/nuovosito\/wp-content\/uploads\/2025\/09\/weekend3-300x226.jpg 300w, https:\/\/www.ciampacavallo.it\/nuovosito\/wp-content\/uploads\/2025\/09\/weekend3-768x578.jpg 768w, https:\/\/www.ciampacavallo.it\/nuovosito\/wp-content\/uploads\/2025\/09\/weekend3-1536x1157.jpg 1536w, https:\/\/www.ciampacavallo.it\/nuovosito\/wp-content\/uploads\/2025\/09\/weekend3-2048x1542.jpg 2048w\" sizes=\"auto, (max-width: 1024px) 100vw, 1024px\" \/><\/figure>\n\n\n\n<figure class=\"wp-block-image size-large\"><img loading=\"lazy\" decoding=\"async\" width=\"1024\" height=\"771\" data-id=\"209\" src=\"https:\/\/www.ciampacavallo.it\/nuovosito\/wp-content\/uploads\/2025\/09\/weekend4-1024x771.jpg\" alt=\"\" class=\"wp-image-209\" srcset=\"https:\/\/www.ciampacavallo.it\/nuovosito\/wp-content\/uploads\/2025\/09\/weekend4-1024x771.jpg 1024w, https:\/\/www.ciampacavallo.it\/nuovosito\/wp-content\/uploads\/2025\/09\/weekend4-300x226.jpg 300w, https:\/\/www.ciampacavallo.it\/nuovosito\/wp-content\/uploads\/2025\/09\/weekend4-768x578.jpg 768w, https:\/\/www.ciampacavallo.it\/nuovosito\/wp-content\/uploads\/2025\/09\/weekend4-1536x1157.jpg 1536w, https:\/\/www.ciampacavallo.it\/nuovosito\/wp-content\/uploads\/2025\/09\/weekend4-2048x1542.jpg 2048w\" sizes=\"auto, (max-width: 1024px) 100vw, 1024px\" \/><\/figure>\n<\/figure>\n","protected":false},"excerpt":{"rendered":"<p>CiampaWeekend Sei pronto a staccare dalla routine e vivere un&#8217;esperienza autentica? I Ciampaweekend ti portano alla scoperta del Lazio e delle sue meraviglie, per un&#8217;avventura che unisce divertimento, cultura e [&hellip;]<\/p>\n","protected":false},"author":1,"featured_media":0,"parent":0,"menu_order":0,"comment_status":"closed","ping_status":"closed","template":"","meta":{"footnotes":""},"class_list":["post-205","page","type-page","status-publish","hentry"],"_links":{"self":[{"href":"https:\/\/www.ciampacavallo.it\/nuovosito\/wp-json\/wp\/v2\/pages\/205","targetHints":{"allow":["GET"]}}],"collection":[{"href":"https:\/\/www.ciampacavallo.it\/nuovosito\/wp-json\/wp\/v2\/pages"}],"about":[{"href":"https:\/\/www.ciampacavallo.it\/nuovosito\/wp-json\/wp\/v2\/types\/page"}],"author":[{"embeddable":true,"href":"https:\/\/www.ciampacavallo.it\/nuovosito\/wp-json\/wp\/v2\/users\/1"}],"replies":[{"embeddable":true,"href":"https:\/\/www.ciampacavallo.it\/nuovosito\/wp-json\/wp\/v2\/comments?post=205"}],"version-history":[{"count":2,"href":"https:\/\/www.ciampacavallo.it\/nuovosito\/wp-json\/wp\/v2\/pages\/205\/revisions"}],"predecessor-version":[{"id":211,"href":"https:\/\/www.ciampacavallo.it\/nuovosito\/wp-json\/wp\/v2\/pages\/205\/revisions\/211"}],"wp:attachment":[{"href":"https:\/\/www.ciampacavallo.it\/nuovosito\/wp-json\/wp\/v2\/media?parent=205"}],"curies":[{"name":"wp","href":"https:\/\/api.w.org\/{rel}","templated":true}]}}